{"id":1301,"date":"2026-01-17T07:01:34","date_gmt":"2026-01-17T07:01:34","guid":{"rendered":"https:\/\/glassforever.talentdig.id\/?page_id=1301"},"modified":"2026-01-17T07:01:35","modified_gmt":"2026-01-17T07:01:35","slug":"for-a-healthier-and-lighter-working-environment","status":"publish","type":"page","link":"https:\/\/glassforever.dk\/es\/for-a-healthier-and-lighter-working-environment\/","title":{"rendered":"Para un entorno de trabajo m\u00e1s saludable y ligero."},"content":{"rendered":"<div style=\"height:100px\" aria-hidden=\"true\" class=\"wp-block-spacer\"><\/div>\n\n\n\n<p><\/p>\n\n\n\n<p><b><strong><strong><strong>Una de las mayores ventajas de utilizar nuestros productos es que no pesan tanto como  los productos comunes.\u00a0\u00a0<\/strong><\/strong><\/strong><\/b><\/p>\n\n\n\n<p>Una bandeja de lavavajillas llena de vasos normales puede pesar f\u00e1cilmente entre 11 y 13 kg, mientras que una bandeja con productos glassFORever solo pesa 4,5 kg. En otras palabras, \u00a1los vasos pesan un 66 % menos!&nbsp;<strong><\/strong><\/p>\n\n\n\n<p>Por lo tanto, estos productos pueden tener un impacto significativo y positivo en el entorno laboral de cocinas, comedores, bares y lugares donde el personal manipula vasos a diario. Levantar, tirar y empujar objetos pesados y lavar bandejas es una causa frecuente de lesiones laborales y, por lo tanto, de bajas por enfermedad, pero el riesgo de que esto ocurra se reduce notablemente cuando se utilizan los productos glassFORever. La adquisici\u00f3n de nuestros vasos de pl\u00e1stico especialmente fabricados tiene un impacto positivo en las bajas por enfermedad del personal y, por lo tanto, tambi\u00e9n en sus resultados finales.<\/p>\n\n\n\n<figure class=\"wp-block-image size-full\"><img loading=\"lazy\" decoding=\"async\" width=\"923\" height=\"578\" src=\"https:\/\/glassforever.talentdig.id\/wp-content\/uploads\/2026\/01\/Lift.jpg\" alt=\"\" class=\"wp-image-1303\" srcset=\"https:\/\/glassforever.dk\/wp-content\/uploads\/2026\/01\/Lift.jpg 923w, https:\/\/glassforever.dk\/wp-content\/uploads\/2026\/01\/Lift-800x501.jpg 800w, https:\/\/glassforever.dk\/wp-content\/uploads\/2026\/01\/Lift-500x313.jpg 500w, https:\/\/glassforever.dk\/wp-content\/uploads\/2026\/01\/Lift-300x188.jpg 300w, https:\/\/glassforever.dk\/wp-content\/uploads\/2026\/01\/Lift-768x481.jpg 768w, https:\/\/glassforever.dk\/wp-content\/uploads\/2026\/01\/Lift-120x75.jpg 120w, https:\/\/glassforever.dk\/wp-content\/uploads\/2026\/01\/Lift-480x301.jpg 480w\" sizes=\"auto, (max-width:767px) 480px, (max-width:923px) 100vw, 923px\" \/><\/figure>\n\n\n\n<p><\/p>\n\n\n\n<p><strong><em><strong>Extracto y conclusi\u00f3n del Ministerio de Medio Ambiente y Alimentaci\u00f3n, Premio a las Compras Circulares \u2013 Junio de 2020, Entorno laboral, p\u00e1gina 115.<\/strong><\/em><\/strong><\/p>\n\n\n\n<p><em>A la hora de decidir sobre el uso de tazas de porcelana, se debe tener en cuenta la carga de trabajo que supone levantar las bandejas de lavado de vajilla de los carros hasta el lavavajillas y viceversa, as\u00ed como el vaciado repetido de los lavavajillas Miele. Es necesario que los carros que transportan las bandejas de lavado tengan varios estantes, lo que implica muchas subidas y bajadas con bandejas pesadas llenas de tazas de porcelana. Las mesas de las cocinas de lavado no tienen funci\u00f3n de elevaci\u00f3n y descenso, lo cual es un requisito previo para un mayor lavado. Se trata de un problema en el entorno de trabajo que ya ha sido objeto de reprimenda por parte de la APV.<\/em><\/p>\n\n\n\n<p><\/p>\n\n\n\n<div style=\"height:100px\" aria-hidden=\"true\" class=\"wp-block-spacer\"><\/div>\n\n\n\n<p><\/p>","protected":false},"excerpt":{"rendered":"<p>One of the biggest advantages of using our products is that they do not weigh as much as \u00a0ordinary products.\u00a0\u00a0 A dishwasher tray filled with ordinary<span class=\"excerpt-hellip\"> [\u2026]<\/span><\/p>","protected":false},"author":1,"featured_media":0,"parent":0,"menu_order":0,"comment_status":"closed","ping_status":"closed","template":"","meta":{"footnotes":""},"class_list":["post-1301","page","type-page","status-publish","hentry"],"_links":{"self":[{"href":"https:\/\/glassforever.dk\/es\/wp-json\/wp\/v2\/pages\/1301","targetHints":{"allow":["GET"]}}],"collection":[{"href":"https:\/\/glassforever.dk\/es\/wp-json\/wp\/v2\/pages"}],"about":[{"href":"https:\/\/glassforever.dk\/es\/wp-json\/wp\/v2\/types\/page"}],"author":[{"embeddable":true,"href":"https:\/\/glassforever.dk\/es\/wp-json\/wp\/v2\/users\/1"}],"replies":[{"embeddable":true,"href":"https:\/\/glassforever.dk\/es\/wp-json\/wp\/v2\/comments?post=1301"}],"version-history":[{"count":2,"href":"https:\/\/glassforever.dk\/es\/wp-json\/wp\/v2\/pages\/1301\/revisions"}],"predecessor-version":[{"id":1304,"href":"https:\/\/glassforever.dk\/es\/wp-json\/wp\/v2\/pages\/1301\/revisions\/1304"}],"wp:attachment":[{"href":"https:\/\/glassforever.dk\/es\/wp-json\/wp\/v2\/media?parent=1301"}],"curies":[{"name":"wp","href":"https:\/\/api.w.org\/{rel}","templated":true}]}}