{"id":1294,"date":"2026-01-17T06:56:40","date_gmt":"2026-01-17T06:56:40","guid":{"rendered":"https:\/\/glassforever.talentdig.id\/?page_id=1294"},"modified":"2026-01-17T06:57:44","modified_gmt":"2026-01-17T06:57:44","slug":"strength-pays-extra-durable-material","status":"publish","type":"page","link":"https:\/\/glassforever.dk\/dk\/strength-pays-extra-durable-material\/","title":{"rendered":"Styrke betaler sig - Ekstra holdbart materiale"},"content":{"rendered":"<div style=\"height:100px\" aria-hidden=\"true\" class=\"wp-block-spacer\"><\/div>\n\n\n\n<p><\/p>\n\n\n\n<p><b><strong><strong><strong>Hos glassFORever fremstiller vi drikkeglas. Men ikke bare almindelige drikkeglas.\u00a0<\/strong><\/strong><\/strong><\/b><\/p>\n\n\n\n<p>Hvor almindelige briller kan g\u00e5 i stykker og efterlade glassk\u00e5r, der kan for\u00e5rsage problemer og v\u00e6re farlige for mennesker, er vores specialudviklede plastbriller 100 % brudsikre, hvilket giver en h\u00f8j grad af tryghed og sikkerhed.<\/p>\n\n\n\n<p>Materialet er krystalklart og fremstillet med en tyk, solid base. Produkterne er testet af uafh\u00e6ngige laboratorier, og n\u00e5r vi siger, at glassene er ubrudelige, s\u00e5 er det fordi det er sandt. Produkter fra glassFORever kan ikke g\u00e5 i stykker.<\/p>\n\n\n\n<figure class=\"wp-block-image size-full\"><img loading=\"lazy\" decoding=\"async\" width=\"700\" height=\"308\" src=\"https:\/\/glassforever.talentdig.id\/wp-content\/uploads\/2026\/01\/STYRKE-pic-DK.jpg\" alt=\"\" class=\"wp-image-1296\" srcset=\"https:\/\/glassforever.dk\/wp-content\/uploads\/2026\/01\/STYRKE-pic-DK.jpg 700w, https:\/\/glassforever.dk\/wp-content\/uploads\/2026\/01\/STYRKE-pic-DK-500x220.jpg 500w, https:\/\/glassforever.dk\/wp-content\/uploads\/2026\/01\/STYRKE-pic-DK-300x132.jpg 300w, https:\/\/glassforever.dk\/wp-content\/uploads\/2026\/01\/STYRKE-pic-DK-150x66.jpg 150w, https:\/\/glassforever.dk\/wp-content\/uploads\/2026\/01\/STYRKE-pic-DK-480x211.jpg 480w\" sizes=\"auto, (max-width:767px) 480px, 700px\" \/><\/figure>\n\n\n\n<p><\/p>\n\n\n\n<div style=\"height:50px\" aria-hidden=\"true\" class=\"wp-block-spacer\"><\/div>\n\n\n\n<p><strong><strong>GLASSFOREVER MODSTOD DEN SORTE BJ\u00d8RN<\/strong><\/strong><\/p>\n\n\n\n<ul class=\"wp-block-list\"><\/ul>\n\n\n\n<p>\u201dMin s\u00f8ns k\u00e6reste k\u00f8bte 4 vinglas fra glassFORever til mig som gave sidste jul.  Jeg er vinelsker og nyder at drikke vin fra et vinglas, uanset hvor jeg befinder mig.<br>P\u00e5 en nylig camping- og kajakudflugt i skoven tog jeg et af mine vinglas med og selvf\u00f8lgelig noget \u203ar\u00f8dvin\u2039 k\u00f8bt i en tetrapak.  Vi slog lejr og sejlede i kajak i et par timer. Da vi vendte tilbage til lejren, s\u00e5 vi en bj\u00f8rn forlade stedet. Vi havde hejst vores mad op og var sikre p\u00e5, at bj\u00f8rnen gik tomh\u00e6ndet derfra.<br>Senere gik jeg ud for at hente et glas vin. Jeg opdagede, at bj\u00f8rnen havde fundet og t\u00f8mt min vin, som jeg havde efterladt sammen med mit vinglas i en l\u00e6rredstaske n\u00e6r mit telt.<br>Mit glas er intakt, men har to tandm\u00e6rker p\u00e5 hver side.<br>Jeres produkter modstod den sorte bj\u00f8rn. Og nu har jeg en souvenir fra min rejse, der vil vare for evigt.<br><em>Nancy Underwood<\/em><br><em>Bothwell, Ontario, Canada \u2013 4. sep. 2017<\/em><\/p>\n\n\n\n<p><\/p>\n\n\n\n<div style=\"height:100px\" aria-hidden=\"true\" class=\"wp-block-spacer\"><\/div>\n\n\n\n<p><\/p>","protected":false},"excerpt":{"rendered":"<p>At glassFORever, we manufacture drinking glasses. But not just ordinary drinking glasses.\u00a0 Where ordinary glasses can break and leave broken glass shards which cause &nbsp;problems and<span class=\"excerpt-hellip\"> [\u2026]<\/span><\/p>","protected":false},"author":1,"featured_media":0,"parent":0,"menu_order":0,"comment_status":"closed","ping_status":"closed","template":"","meta":{"footnotes":""},"class_list":["post-1294","page","type-page","status-publish","hentry"],"_links":{"self":[{"href":"https:\/\/glassforever.dk\/dk\/wp-json\/wp\/v2\/pages\/1294","targetHints":{"allow":["GET"]}}],"collection":[{"href":"https:\/\/glassforever.dk\/dk\/wp-json\/wp\/v2\/pages"}],"about":[{"href":"https:\/\/glassforever.dk\/dk\/wp-json\/wp\/v2\/types\/page"}],"author":[{"embeddable":true,"href":"https:\/\/glassforever.dk\/dk\/wp-json\/wp\/v2\/users\/1"}],"replies":[{"embeddable":true,"href":"https:\/\/glassforever.dk\/dk\/wp-json\/wp\/v2\/comments?post=1294"}],"version-history":[{"count":5,"href":"https:\/\/glassforever.dk\/dk\/wp-json\/wp\/v2\/pages\/1294\/revisions"}],"predecessor-version":[{"id":1300,"href":"https:\/\/glassforever.dk\/dk\/wp-json\/wp\/v2\/pages\/1294\/revisions\/1300"}],"wp:attachment":[{"href":"https:\/\/glassforever.dk\/dk\/wp-json\/wp\/v2\/media?parent=1294"}],"curies":[{"name":"wp","href":"https:\/\/api.w.org\/{rel}","templated":true}]}}